{"id":1733,"date":"2018-02-01T14:02:12","date_gmt":"2018-02-01T16:02:12","guid":{"rendered":"http:\/\/www.bqarcondicionado.com.br\/web\/?page_id=1733"},"modified":"2023-03-14T16:26:55","modified_gmt":"2023-03-14T19:26:55","slug":"lei-13589","status":"publish","type":"page","link":"https:\/\/www.bqarcondicionado.com.br\/web\/lei-13589\/","title":{"rendered":"Manuten\u00e7\u00e3o obrigat\u00f3ria de Ar Condicionado em Cl\u00ednicas, Laborat\u00f3rios, Farm\u00e1cias de Manipula\u00e7\u00e3o."},"content":{"rendered":"\n<h4 class=\"wp-block-heading\">Lei aprovada em 2018 determina que todos os edif\u00edcios, p\u00fablicos ou privados, ser\u00e3o obrigados a fazer a manuten\u00e7\u00e3o de seus sistemas de ar condicionado.<\/h4>\n\n\n\n<h4 class=\"wp-block-heading\"><img decoding=\"async\" loading=\"lazy\" class=\"alignnone wp-image-1828 size-full\" src=\"https:\/\/www.bqarcondicionado.com.br\/web\/wp-content\/uploads\/2023\/03\/manutencao-obrigatoria-ar-condicionado-clinicas-farmacias-laboratorios.jpg\" alt=\"Lei da manuten\u00e7\u00e3o obrigat\u00f3ria de sistema de ar condicionado em cl\u00ednicas, farm\u00e1cias, laborat\u00f3rios\" width=\"640\" height=\"334\" srcset=\"https:\/\/www.bqarcondicionado.com.br\/web\/wp-content\/uploads\/2023\/03\/manutencao-obrigatoria-ar-condicionado-clinicas-farmacias-laboratorios.jpg 640w, https:\/\/www.bqarcondicionado.com.br\/web\/wp-content\/uploads\/2023\/03\/manutencao-obrigatoria-ar-condicionado-clinicas-farmacias-laboratorios-300x157.jpg 300w, https:\/\/www.bqarcondicionado.com.br\/web\/wp-content\/uploads\/2023\/03\/manutencao-obrigatoria-ar-condicionado-clinicas-farmacias-laboratorios-600x313.jpg 600w\" sizes=\"(max-width: 640px) 100vw, 640px\" \/><\/h4>\n\n\n\n<h4 class=\"wp-block-heading\">&nbsp;<\/h4>\n\n\n\n<p>A lei j\u00e1 entrou em vigor para novas instala\u00e7\u00f5es de ar condicionado. Para sistemas j\u00e1 instalados, o prazo para cumprimento dos requisitos \u00e9 de 180 dias depois da regulamenta\u00e7\u00e3o da lei, a ser feita posteriormente.<\/p>\n\n\n\n<p>Os edif\u00edcios ter\u00e3o que fazer a manuten\u00e7\u00e3o dos sistemas de climatiza\u00e7\u00e3o a partir de um Plano de Manuten\u00e7\u00e3o, Opera\u00e7\u00e3o e Controle, com o objetivo de prevenir ou minimizar riscos \u00e0 sa\u00fade dos ocupantes. O plano dever\u00e1 obedecer a par\u00e2metros regulamentados pela Resolu\u00e7\u00e3o 9\/2003 da Ag\u00eancia Nacional de Vigil\u00e2ncia Sanit\u00e1ria (Anvisa) e posteriores altera\u00e7\u00f5es, assim como \u00e0s normas da Associa\u00e7\u00e3o Brasileira de Normas T\u00e9cnicas (ABNT).<\/p>\n\n\n\n<p>O objetivo \u00e9 garantir a boa qualidade do ar interior, considerando padr\u00f5es de temperatura, umidade, velocidade, taxa de renova\u00e7\u00e3o e grau de pureza.<\/p>\n\n\n\n<p>A lei ser\u00e1 aplicada a todos os edif\u00edcios, mas os ambientes climatizados de uso restrito \u2013 laborat\u00f3rios e hospitais, por exemplo &#8211; dever\u00e3o obedecer a regulamentos espec\u00edficos (Fonte: <a href=\"https:\/\/www12.senado.leg.br\/noticias\/materias\/2018\/01\/05\/entra-em-vigor-lei-que-obriga-manutencao-de-sistemas-de-ar-condicionado#:~:text=Todos%20os%20edif%C3%ADcios%2C%20p%C3%BAblicos%20ou,no%20Di%C3%A1rio%20Oficial%20da%20Uni%C3%A3o.\">Ag\u00eancia Senado<\/a>).<\/p>\n\n\n\n<hr class=\"wp-block-separator has-alpha-channel-opacity\"\/>\n\n\n\n<h4 class=\"wp-block-heading\">Fique ligado<\/h4>\n\n\n\n<p>Lugares p\u00fablicos e ambientes de uso coletivo que disp\u00f5em de sistema de ar condicionado, devem estar de acordo com as regulamenta\u00e7\u00f5es da ANVISA &#8211; Ag\u00eancia Nacional de Vigil\u00e2ncia Sanit\u00e1ria. Isso vale para hospitais, cl\u00ednicas de sa\u00fade, escolas, supermercados, ag\u00eancias banc\u00e1rias, academias, cinemas, lojas de departamento, escolas e universidades.<\/p>\n\n\n\n<p><strong>&#8220;Todos os edif\u00edcios de uso p\u00fablico e coletivo que possuem ambientes de ar interior climatizado artificialmente devem dispor de um Plano de Manuten\u00e7\u00e3o, Opera\u00e7\u00e3o e Controle \u2013 PMOC dos respectivos sistemas de climatiza\u00e7\u00e3o, visando \u00e0 elimina\u00e7\u00e3o ou minimiza\u00e7\u00e3o de riscos potenciais \u00e0 sa\u00fade dos ocupantes&#8221;, trecho da LEI N\u00ba 13.589.<\/strong><\/p>\n\n\n\n<hr class=\"wp-block-separator has-alpha-channel-opacity\"\/>\n\n\n\n<h4 class=\"wp-block-heading\">Como ficar dentro da lei<\/h4>\n\n\n\n<p>A BQ Sistemas de Ar Condicionado, atua desde 1996 no mercado realizando projetos de climatiza\u00e7\u00e3o para ambientes residenciais, comerciais, industriais, &nbsp;al\u00e9m de <strong>Planos de Manuten\u00e7\u00e3o Preventiva, Opera\u00e7\u00e3o e Controle<\/strong> para Laborat\u00f3rios, Cl\u00ednicas M\u00e9dicas, Cl\u00ednicas Dent\u00e1rias, Est\u00e9ticas, Laborat\u00f3rios de Exames, Farm\u00e1cias de Manipula\u00e7\u00e3o, Salas de Cirurgia e outros ambientes que necessitam de climatiza\u00e7\u00e3o controlada.<\/p>\n\n\n\n<p>Para mais informa\u00e7\u00f5es, entre em contato no <strong>Telefone:<\/strong> (11) 2695-3939 ou<strong> Email:<\/strong>\u00a0vendas@bqarcondicionado.com.br e solicite um projeto de <strong>Manuten\u00e7\u00e3o Preventiva Obrigat\u00f3ria<\/strong> para seu sistema de Ar Condicionado.<\/p>\n\n\n\n<p>Ou preencha o formul\u00e1rio abaixo:<\/p>\n\n\n\n<p><\/p>\n\n\n\n<div class=\"wp-block-contact-form-7-contact-form-selector\">\n<div class=\"wpcf7 no-js\" id=\"wpcf7-f5-o1\" lang=\"pt-BR\" dir=\"ltr\">\n<div class=\"screen-reader-response\"><p role=\"status\" aria-live=\"polite\" aria-atomic=\"true\"><\/p> <ul><\/ul><\/div>\n<form action=\"\/web\/wp-json\/wp\/v2\/pages\/1733#wpcf7-f5-o1\" method=\"post\" class=\"wpcf7-form init\" aria-label=\"Formul\u00e1rios de contato\" novalidate=\"novalidate\" data-status=\"init\">\n<div style=\"display: none;\">\n<input type=\"hidden\" name=\"_wpcf7\" value=\"5\" \/>\n<input type=\"hidden\" name=\"_wpcf7_version\" value=\"5.7.3\" \/>\n<input type=\"hidden\" name=\"_wpcf7_locale\" value=\"pt_BR\" \/>\n<input type=\"hidden\" name=\"_wpcf7_unit_tag\" value=\"wpcf7-f5-o1\" \/>\n<input type=\"hidden\" name=\"_wpcf7_container_post\" value=\"0\" \/>\n<input type=\"hidden\" name=\"_wpcf7_posted_data_hash\" value=\"\" \/>\n<\/div>\n<p><script>\n document.addEventListener('wpcf7mailsent', function (Event) {\n location = 'https:\/\/www.bqarcondicionado.com.br\/web\/obrigado\/';\n }, false);\n<\/script>\n<\/p>\n<p><label> Seu nome (obrigat\u00f3rio)<br \/>\n<span class=\"wpcf7-form-control-wrap\" data-name=\"your-name\"><input size=\"40\" class=\"wpcf7-form-control wpcf7-text wpcf7-validates-as-required\" aria-required=\"true\" aria-invalid=\"false\" value=\"\" type=\"text\" name=\"your-name\" \/><\/span> <\/label>\n<\/p>\n<p><label> Seu e-mail (obrigat\u00f3rio)<br \/>\n<span class=\"wpcf7-form-control-wrap\" data-name=\"your-email\"><input size=\"40\" class=\"wpcf7-form-control wpcf7-text wpcf7-email wpcf7-validates-as-required wpcf7-validates-as-email\" aria-required=\"true\" aria-invalid=\"false\" value=\"\" type=\"email\" name=\"your-email\" \/><\/span> <\/label>\n<\/p>\n<p><label> Assunto<br \/>\n<span class=\"wpcf7-form-control-wrap\" data-name=\"your-subject\"><input size=\"40\" class=\"wpcf7-form-control wpcf7-text\" aria-invalid=\"false\" value=\"\" type=\"text\" name=\"your-subject\" \/><\/span> <\/label>\n<\/p>\n<p><label> Sua mensagem<br \/>\n<span class=\"wpcf7-form-control-wrap\" data-name=\"your-message\"><textarea cols=\"40\" rows=\"10\" class=\"wpcf7-form-control wpcf7-textarea\" aria-invalid=\"false\" name=\"your-message\"><\/textarea><\/span> <\/label>\n<\/p>\n<p><input class=\"wpcf7-form-control has-spinner wpcf7-submit\" type=\"submit\" value=\"Enviar\" \/>\n<\/p><p style=\"display: none !important;\"><label>&#916;<textarea name=\"_wpcf7_ak_hp_textarea\" cols=\"45\" rows=\"8\" maxlength=\"100\"><\/textarea><\/label><input type=\"hidden\" id=\"ak_js_1\" name=\"_wpcf7_ak_js\" value=\"85\"\/><script>document.getElementById( \"ak_js_1\" ).setAttribute( \"value\", ( new Date() ).getTime() );<\/script><\/p><div class=\"wpcf7-response-output\" aria-hidden=\"true\"><\/div>\n<\/form>\n<\/div>\n<\/div>\n\n\n\n<p><\/p>\n","protected":false},"excerpt":{"rendered":"<p>Lei aprovada em 2018 determina que todos os edif\u00edcios, p\u00fablicos ou privados, ser\u00e3o obrigados a fazer a manuten\u00e7\u00e3o de seus sistemas de ar condicionado. &nbsp; A lei j\u00e1 entrou em &#8230;<\/p>\n","protected":false},"author":1,"featured_media":0,"parent":0,"menu_order":0,"comment_status":"closed","ping_status":"closed","template":"","meta":{"om_disable_all_campaigns":false,"_monsterinsights_skip_tracking":false,"_monsterinsights_sitenote_active":false,"_monsterinsights_sitenote_note":"","_monsterinsights_sitenote_category":0,"footnotes":""},"aioseo_notices":[],"_links":{"self":[{"href":"https:\/\/www.bqarcondicionado.com.br\/web\/wp-json\/wp\/v2\/pages\/1733"}],"collection":[{"href":"https:\/\/www.bqarcondicionado.com.br\/web\/wp-json\/wp\/v2\/pages"}],"about":[{"href":"https:\/\/www.bqarcondicionado.com.br\/web\/wp-json\/wp\/v2\/types\/page"}],"author":[{"embeddable":true,"href":"https:\/\/www.bqarcondicionado.com.br\/web\/wp-json\/wp\/v2\/users\/1"}],"replies":[{"embeddable":true,"href":"https:\/\/www.bqarcondicionado.com.br\/web\/wp-json\/wp\/v2\/comments?post=1733"}],"version-history":[{"count":9,"href":"https:\/\/www.bqarcondicionado.com.br\/web\/wp-json\/wp\/v2\/pages\/1733\/revisions"}],"predecessor-version":[{"id":1838,"href":"https:\/\/www.bqarcondicionado.com.br\/web\/wp-json\/wp\/v2\/pages\/1733\/revisions\/1838"}],"wp:attachment":[{"href":"https:\/\/www.bqarcondicionado.com.br\/web\/wp-json\/wp\/v2\/media?parent=1733"}],"curies":[{"name":"wp","href":"https:\/\/api.w.org\/{rel}","templated":true}]}}